{"id":481,"date":"2026-01-29T10:02:09","date_gmt":"2026-01-29T10:02:09","guid":{"rendered":"https:\/\/www.jesus-gemeinde-dietzenbach.de\/?page_id=481"},"modified":"2026-02-26T08:29:24","modified_gmt":"2026-02-26T08:29:24","slug":"welcome","status":"publish","type":"page","link":"https:\/\/www.jesus-gemeinde-dietzenbach.de\/","title":{"rendered":"WELCOME"},"content":{"rendered":"<p>[et_pb_section fb_built=&#8220;1&#8243; next_background_color=&#8220;#ffffff&#8220; _builder_version=&#8220;4.18.0&#8243; _module_preset=&#8220;default&#8220; background_color=&#8220;RGBA(255,255,255,0)&#8220; background_image=&#8220;https:\/\/www.jesus-gemeinde-dietzenbach.de\/wp-content\/uploads\/2023\/12\/DSC01351.jpg&#8220; background_enable_mask_style=&#8220;on&#8220; background_mask_style=&#8220;paint&#8220; background_mask_color=&#8220;#000000&#8243; background_mask_transform=&#8220;rotate_90_degree|flip_horizontal&#8220; background_mask_size=&#8220;cover&#8220; background_mask_position=&#8220;top_right&#8220; background_mask_horizontal_offset=&#8220;50%&#8220; background_mask_vertical_offset=&#8220;32%&#8220; custom_padding=&#8220;104px|||||&#8220; bottom_divider_style=&#8220;asymmetric2&#8243; bottom_divider_flip=&#8220;horizontal&#8220; global_colors_info=&#8220;{}&#8220;][et_pb_row _builder_version=&#8220;4.18.0&#8243; _module_preset=&#8220;default&#8220; global_colors_info=&#8220;{}&#8220;][et_pb_column type=&#8220;4_4&#8243; _builder_version=&#8220;4.18.0&#8243; _module_preset=&#8220;default&#8220; global_colors_info=&#8220;{}&#8220;][\/et_pb_column][\/et_pb_row][et_pb_row _builder_version=&#8220;4.18.0&#8243; _module_preset=&#8220;default&#8220; global_colors_info=&#8220;{}&#8220;][et_pb_column type=&#8220;4_4&#8243; _builder_version=&#8220;4.18.0&#8243; _module_preset=&#8220;default&#8220; global_colors_info=&#8220;{}&#8220;][et_pb_text _builder_version=&#8220;4.18.0&#8243; _module_preset=&#8220;default&#8220; text_text_color=&#8220;#FF9000&#8243; text_font_size=&#8220;72px&#8220; text_letter_spacing=&#8220;4px&#8220; text_line_height=&#8220;1.2em&#8220; header_font_size=&#8220;40px&#8220; background_color=&#8220;RGBA(255,255,255,0)&#8220; animation_style=&#8220;fade&#8220; text_font_size_tablet=&#8220;72px&#8220; text_font_size_phone=&#8220;39px&#8220; text_font_size_last_edited=&#8220;on|phone&#8220; text_text_shadow_style=&#8220;preset3&#8243; text_text_shadow_color=&#8220;#000000&#8243; global_colors_info=&#8220;{}&#8220;]<\/p>\n<p style=\"text-align: center;\"><span style=\"color: #ffffff;\"><b>WILLKOMMEN<br \/><\/b><\/span><strong><span style=\"color: #ffffff;\">ZUHAUSE<\/span><\/strong><\/p>\n<p>[\/et_pb_text][\/et_pb_column][\/et_pb_row][et_pb_row _builder_version=&#8220;4.18.0&#8243; _module_preset=&#8220;default&#8220; global_colors_info=&#8220;{}&#8220;][et_pb_column type=&#8220;4_4&#8243; _builder_version=&#8220;4.18.0&#8243; _module_preset=&#8220;default&#8220; global_colors_info=&#8220;{}&#8220;][\/et_pb_column][\/et_pb_row][\/et_pb_section][et_pb_section fb_built=&#8220;1&#8243; next_background_color=&#8220;#000000&#8243; _builder_version=&#8220;4.18.0&#8243; _module_preset=&#8220;default&#8220; bottom_divider_style=&#8220;asymmetric2&#8243; hover_enabled=&#8220;0&#8243; global_colors_info=&#8220;{}&#8220; sticky_enabled=&#8220;0&#8243;][et_pb_row column_structure=&#8220;1_2,1_2&#8243; _builder_version=&#8220;4.18.0&#8243; _module_preset=&#8220;default&#8220; custom_margin=&#8220;30px||||false|false&#8220; global_colors_info=&#8220;{}&#8220;][et_pb_column type=&#8220;1_2&#8243; _builder_version=&#8220;4.18.0&#8243; _module_preset=&#8220;default&#8220; global_colors_info=&#8220;{}&#8220;][et_pb_text _builder_version=&#8220;4.18.0&#8243; _module_preset=&#8220;default&#8220; text_font_size=&#8220;17px&#8220; global_colors_info=&#8220;{}&#8220;]<\/p>\n<h1><strong>GOTTESDIENST<\/strong><\/h1>\n<p>Jeden Sonntag um 10:30 Uhr<\/p>\n<p>In unseren Gottesdiensten schaffen wir einen Ort, an dem der Himmel die Erde ber\u00fchrt und sich Menschen aus dem 21.Jahrhundert Zuhause f\u00fchlen.<\/p>\n<p>Egal, wer du bist, wie du tickst oder was du glaubst &#8211; wir w\u00fcrden uns freuen, dich kennenzulernen.<\/p>\n<h2 class=\"p1\"><!-- notionvc: 4eab97a3-976f-4a23-b2c8-ea73d4d804ea --><\/h2>\n<p>[\/et_pb_text][et_pb_button button_url=&#8220;https:\/\/maps.app.goo.gl\/R9GsKdVgrVEvh3yM6&#8243; url_new_window=&#8220;on&#8220; button_text=&#8220;So findest du uns&#8220; _builder_version=&#8220;4.18.0&#8243; _module_preset=&#8220;default&#8220; custom_button=&#8220;on&#8220; button_text_color=&#8220;#FFFFFF&#8220; button_bg_color=&#8220;#D2312F&#8220; button_border_width=&#8220;0px&#8220; button_border_radius=&#8220;10px&#8220; button_font=&#8220;||||||||&#8220; button_icon=&#8220;&#x3d;||divi||400&#8243; button_on_hover=&#8220;off&#8220; box_shadow_style=&#8220;preset2&#8243; box_shadow_horizontal=&#8220;4px&#8220; box_shadow_vertical=&#8220;4px&#8220; box_shadow_blur=&#8220;10px&#8220; global_colors_info=&#8220;{}&#8220;][\/et_pb_button][\/et_pb_column][et_pb_column type=&#8220;1_2&#8243; _builder_version=&#8220;4.18.0&#8243; _module_preset=&#8220;default&#8220; global_colors_info=&#8220;{}&#8220;][et_pb_image src=&#8220;https:\/\/www.jesus-gemeinde-dietzenbach.de\/wp-content\/uploads\/2023\/12\/DSC01347-e1701775867778.jpg&#8220; title_text=&#8220;DSC01347&#8243; _builder_version=&#8220;4.18.0&#8243; _module_preset=&#8220;default&#8220; width=&#8220;80%&#8220; module_alignment=&#8220;center&#8220; border_radii=&#8220;on|10px|10px|10px|10px&#8220; border_width_all=&#8220;4px&#8220; border_color_all=&#8220;#000000&#8243; global_colors_info=&#8220;{}&#8220;][\/et_pb_image][\/et_pb_column][\/et_pb_row][et_pb_row _builder_version=&#8220;4.18.0&#8243; _module_preset=&#8220;default&#8220; global_colors_info=&#8220;{}&#8220;][et_pb_column type=&#8220;4_4&#8243; _builder_version=&#8220;4.18.0&#8243; _module_preset=&#8220;default&#8220; global_colors_info=&#8220;{}&#8220;][\/et_pb_column][\/et_pb_row][\/et_pb_section][et_pb_section fb_built=&#8220;1&#8243; next_background_color=&#8220;#FFFFFF&#8220; _builder_version=&#8220;4.18.0&#8243; _module_preset=&#8220;default&#8220; background_color=&#8220;#000000&#8243; background_enable_image=&#8220;off&#8220; bottom_divider_style=&#8220;asymmetric2&#8243; bottom_divider_flip=&#8220;horizontal&#8220; global_colors_info=&#8220;{}&#8220;][et_pb_row column_structure=&#8220;1_2,1_2&#8243; _builder_version=&#8220;4.18.0&#8243; _module_preset=&#8220;default&#8220; global_colors_info=&#8220;{}&#8220;][et_pb_column type=&#8220;1_2&#8243; _builder_version=&#8220;4.18.0&#8243; _module_preset=&#8220;default&#8220; global_colors_info=&#8220;{}&#8220;][et_pb_image src=&#8220;https:\/\/www.jesus-gemeinde-dietzenbach.de\/wp-content\/uploads\/2023\/12\/kindergarten-504672_1280.jpg&#8220; title_text=&#8220;kindergarten-504672_1280&#8243; _builder_version=&#8220;4.18.0&#8243; _module_preset=&#8220;default&#8220; border_radii=&#8220;on|10px|10px|10px|10px&#8220; border_width_all=&#8220;4px&#8220; border_color_all=&#8220;#FFFFFF&#8220; global_colors_info=&#8220;{}&#8220;][\/et_pb_image][\/et_pb_column][et_pb_column type=&#8220;1_2&#8243; _builder_version=&#8220;4.18.0&#8243; _module_preset=&#8220;default&#8220; global_colors_info=&#8220;{}&#8220;][et_pb_text _builder_version=&#8220;4.18.0&#8243; _module_preset=&#8220;default&#8220; text_text_color=&#8220;#FFFFFF&#8220; text_font_size=&#8220;17px&#8220; header_text_color=&#8220;#FFFFFF&#8220; header_3_text_color=&#8220;#FFFFFF&#8220; global_colors_info=&#8220;{}&#8220;]<\/p>\n<h1>KIDS<\/h1>\n<p>&nbsp;<\/p>\n<p>Unser Herz ist es, den Kids eine Begegnung mit Jesus zu erm\u00f6glichen, sie auszur\u00fcsten f\u00fcr das Leben, das Gott f\u00fcr sie vorgesehen hat und sie mutig und stark im Glauben zu machen.<\/p>\n<p>&nbsp;<\/p>\n<p>Ab 10:00 Uhr kannst du deine Kids bei uns einchecken.<!-- notionvc: 5c855e09-9f63-4c39-90a0-4bf0ef6417c1 --><\/p>\n<p>[\/et_pb_text][\/et_pb_column][\/et_pb_row][et_pb_row _builder_version=&#8220;4.18.0&#8243; _module_preset=&#8220;default&#8220; global_colors_info=&#8220;{}&#8220;][et_pb_column type=&#8220;4_4&#8243; _builder_version=&#8220;4.18.0&#8243; _module_preset=&#8220;default&#8220; global_colors_info=&#8220;{}&#8220;][\/et_pb_column][\/et_pb_row][\/et_pb_section][et_pb_section fb_built=&#8220;1&#8243; _builder_version=&#8220;4.18.0&#8243; _module_preset=&#8220;default&#8220; background_color=&#8220;#FFFFFF&#8220; background_enable_image=&#8220;off&#8220; global_colors_info=&#8220;{}&#8220;][et_pb_row column_structure=&#8220;2_3,1_3&#8243; _builder_version=&#8220;4.18.0&#8243; _module_preset=&#8220;default&#8220; global_colors_info=&#8220;{}&#8220;][et_pb_column type=&#8220;2_3&#8243; _builder_version=&#8220;4.18.0&#8243; _module_preset=&#8220;default&#8220; global_colors_info=&#8220;{}&#8220;][et_pb_text _builder_version=&#8220;4.18.0&#8243; _module_preset=&#8220;default&#8220; text_font_size=&#8220;17px&#8220; header_2_line_height=&#8220;1.2em&#8220; width=&#8220;73.8%&#8220; global_colors_info=&#8220;{}&#8220;]<\/p>\n<h1><span style=\"color: #000000;\"><b>SO FINDEST DU UNS<\/b><\/span><\/h1>\n<p><span style=\"color: #000000;\"><\/span><\/p>\n<p><span style=\"color: #000000;\">Jesus-Gemeinde Dietzenbach e.V.<\/span><br \/><span style=\"color: #000000;\">Capitol Europaplatz 3<\/span><br \/><span style=\"color: #000000;\">63128 Dietzenbach<\/span><\/p>\n<p><span style=\"color: #000000;\"><\/span><\/p>\n<p class=\"p1\"><span style=\"color: #000000;\">Parken am Rathaus, Offenbacher Strasse, 3 min fussweg<\/span><\/p>\n<p>[\/et_pb_text][et_pb_button button_url=&#8220;https:\/\/www.google.com\/maps\/dir\/\/Europapl.+3,+63128+Dietzenbach\/@50.0199779,8.7750083,15.62z\/data=!4m9!4m8!1m0!1m5!1m1!1s0x47bd12cdbc6eccef:0x3c26d9981e5d3f07!2m2!1d8.7827062!2d50.0192511!3e0?entry=ttu&#8220; url_new_window=&#8220;on&#8220; button_text=&#8220;Anfahrt&#8220; _builder_version=&#8220;4.18.0&#8243; _module_preset=&#8220;default&#8220; custom_button=&#8220;on&#8220; button_text_color=&#8220;#FFFFFF&#8220; button_bg_color=&#8220;#D2312F&#8220; button_border_width=&#8220;0px&#8220; button_border_radius=&#8220;10px&#8220; button_icon=&#8220;&#x3d;||divi||400&#8243; button_icon_color=&#8220;#FFFFFF&#8220; button_on_hover=&#8220;off&#8220; box_shadow_style=&#8220;preset2&#8243; box_shadow_horizontal=&#8220;4px&#8220; box_shadow_vertical=&#8220;4px&#8220; box_shadow_blur=&#8220;10px&#8220; global_colors_info=&#8220;{}&#8220;][\/et_pb_button][\/et_pb_column][et_pb_column type=&#8220;1_3&#8243; _builder_version=&#8220;4.18.0&#8243; _module_preset=&#8220;default&#8220; global_colors_info=&#8220;{}&#8220;][et_pb_image src=&#8220;https:\/\/www.jesus-gemeinde-dietzenbach.de\/wp-content\/uploads\/2026\/01\/Bildschirmfoto-2026-01-29-um-11.40.16.png&#8220; title_text=&#8220;Bildschirmfoto 2026-01-29 um 11.40.16&#8243; url=&#8220;https:\/\/maps.app.goo.gl\/BvVmQ4vTNxf456VU6&#8243; url_new_window=&#8220;on&#8220; _builder_version=&#8220;4.18.0&#8243; _module_preset=&#8220;default&#8220; border_radii=&#8220;on|10px|10px|10px|10px&#8220; border_width_all=&#8220;4px&#8220; border_color_all=&#8220;#000000&#8243; global_colors_info=&#8220;{}&#8220;][\/et_pb_image][\/et_pb_column][\/et_pb_row][\/et_pb_section]<\/p>\n","protected":false},"excerpt":{"rendered":"<p>WILLKOMMENZUHAUSEGOTTESDIENST Jeden Sonntag um 10:30 Uhr In unseren Gottesdiensten schaffen wir einen Ort, an dem der Himmel die Erde ber\u00fchrt und sich Menschen aus dem 21.Jahrhundert Zuhause f\u00fchlen. Egal, wer du bist, wie du tickst oder was du glaubst &#8211; wir w\u00fcrden uns freuen, dich kennenzulernen. KIDS &nbsp; Unser Herz ist es, den Kids eine [&hellip;]<\/p>\n","protected":false},"author":1,"featured_media":0,"parent":0,"menu_order":0,"comment_status":"closed","ping_status":"closed","template":"","meta":{"_et_pb_use_builder":"on","_et_pb_old_content":"","_et_gb_content_width":"","footnotes":""},"class_list":["post-481","page","type-page","status-publish","hentry"],"_links":{"self":[{"href":"https:\/\/www.jesus-gemeinde-dietzenbach.de\/index.php?rest_route=\/wp\/v2\/pages\/481","targetHints":{"allow":["GET"]}}],"collection":[{"href":"https:\/\/www.jesus-gemeinde-dietzenbach.de\/index.php?rest_route=\/wp\/v2\/pages"}],"about":[{"href":"https:\/\/www.jesus-gemeinde-dietzenbach.de\/index.php?rest_route=\/wp\/v2\/types\/page"}],"author":[{"embeddable":true,"href":"https:\/\/www.jesus-gemeinde-dietzenbach.de\/index.php?rest_route=\/wp\/v2\/users\/1"}],"replies":[{"embeddable":true,"href":"https:\/\/www.jesus-gemeinde-dietzenbach.de\/index.php?rest_route=%2Fwp%2Fv2%2Fcomments&post=481"}],"version-history":[{"count":24,"href":"https:\/\/www.jesus-gemeinde-dietzenbach.de\/index.php?rest_route=\/wp\/v2\/pages\/481\/revisions"}],"predecessor-version":[{"id":563,"href":"https:\/\/www.jesus-gemeinde-dietzenbach.de\/index.php?rest_route=\/wp\/v2\/pages\/481\/revisions\/563"}],"wp:attachment":[{"href":"https:\/\/www.jesus-gemeinde-dietzenbach.de\/index.php?rest_route=%2Fwp%2Fv2%2Fmedia&parent=481"}],"curies":[{"name":"wp","href":"https:\/\/api.w.org\/{rel}","templated":true}]}}